{"id":172,"date":"2022-10-08T04:14:55","date_gmt":"2022-10-08T01:14:55","guid":{"rendered":"https:\/\/webredox.net\/demo\/wp\/bauen\/light\/multi\/demo1\/?page_id=172"},"modified":"2023-09-19T23:02:50","modified_gmt":"2023-09-19T20:02:50","slug":"urban-transformation","status":"publish","type":"page","link":"https:\/\/ergungroup.com.tr\/en\/services\/urban-transformation\/","title":{"rendered":"Urban Transformation"},"content":{"rendered":"\t\t<div data-elementor-type=\"wp-page\" data-elementor-id=\"172\" class=\"elementor elementor-172\">\n\t\t\t\t\t\t\t\t\t<section class=\"elementor-section elementor-top-section elementor-element elementor-element-2d6ff92f elementor-section-full_width elementor-section-height-default elementor-section-height-default\" data-id=\"2d6ff92f\" data-element_type=\"section\">\n\t\t\t\t\t\t<div class=\"elementor-container elementor-column-gap-no\">\n\t\t\t\t\t<div class=\"elementor-column elementor-col-100 elementor-top-column elementor-element elementor-element-5dd1af01\" data-id=\"5dd1af01\" data-element_type=\"column\">\n\t\t\t<div class=\"elementor-widget-wrap elementor-element-populated\">\n\t\t\t\t\t\t\t\t<div class=\"elementor-section elementor-inner-section elementor-element elementor-element-349ac364 elementor-section-full_width elementor-section-height-default elementor-section-height-default\" data-id=\"349ac364\" data-element_type=\"section\">\n\t\t\t\t\t\t<div class=\"elementor-container elementor-column-gap-default\">\n\t\t\t\t\t<div class=\"elementor-column elementor-col-100 elementor-inner-column elementor-element elementor-element-4f164d68\" data-id=\"4f164d68\" data-element_type=\"column\">\n\t\t\t<div class=\"elementor-widget-wrap elementor-element-populated\">\n\t\t\t\t\t\t\t\t<div class=\"elementor-element elementor-element-62a551a4 elementor-widget elementor-widget-bauen-title\" data-id=\"62a551a4\" data-element_type=\"widget\" data-widget_type=\"bauen-title.default\">\n\t\t\t\t<div class=\"elementor-widget-container\">\n\t\t\t\t\t\n\t\t\t\t\t\t\t\t<h1 class=\"section-title2 text-left\">Urban Transformation<\/h1>\n\t\t\t\t\t\t\t\t\t\t\t\n\t\t\n\t\t\t\n        \t\t<\/div>\n\t\t\t\t<\/div>\n\t\t\t\t<div class=\"elementor-element elementor-element-6351a92 elementor-widget elementor-widget-bauen-text\" data-id=\"6351a92\" data-element_type=\"widget\" data-widget_type=\"bauen-text.default\">\n\t\t\t\t<div class=\"elementor-widget-container\">\n\t\t\t\t\t<div class=\"bn-text-block clear \">\n\t\t<p>Urban transformation is the reconstruction of buildings in accordance with existing regulations or the strengthening of existing buildings. In this way, it means making the buildings earthquake-resistant modern and restoring the city fabric with new buildings.<\/p>\n\n<p>In the urban transformation projects realized with the signature of Erg\u00fcn Group, a very comprehensive preliminary study is carried out first, and the needs and dynamics of the region are evaluated together by experts in the field. Taking into account the expectations of land and condominium owners, an urban transformation project that centers on life and nature, with social infrastructure and reinforcement areas in mind, emerges. Immediately afterwards, the construction process begins and is completed quickly and without compromising on quality with the help of developments in construction technologies. In this way, new earthquake-resistant houses are produced and new living and investment areas are realized.<\/p>\t\t<\/div>\n\t\t\t\t<\/div>\n\t\t\t\t<\/div>\n\t\t\t\t\t<\/div>\n\t\t<\/div>\n\t\t\t\t\t\t\t<\/div>\n\t\t<\/div>\n\t\t\t\t<div class=\"elementor-section elementor-inner-section elementor-element elementor-element-5dd48203 elementor-section-full_width elementor-section-height-default elementor-section-height-default\" data-id=\"5dd48203\" data-element_type=\"section\">\n\t\t\t\t\t\t<div class=\"elementor-container elementor-column-gap-narrow\">\n\t\t\t\t\t<div class=\"elementor-column elementor-col-50 elementor-inner-column elementor-element elementor-element-316c9329\" data-id=\"316c9329\" data-element_type=\"column\">\n\t\t\t<div class=\"elementor-widget-wrap elementor-element-populated\">\n\t\t\t\t\t\t\t\t<div class=\"elementor-element elementor-element-25540b9 elementor-widget elementor-widget-bauen-single-img-video\" data-id=\"25540b9\" data-element_type=\"widget\" data-widget_type=\"bauen-single-img-video.default\">\n\t\t\t\t<div class=\"elementor-widget-container\">\n\t\t\t\t\t\n\t\t\n\t\t\t\n\t\t\t\t\t\t    \t\t\t\t\n\t\t\t\t\t<div class=\"sec-gallery gallery-item\">\n\t\t\t\t\t\t\n\t\t\t\t\t\t<a href=\"https:\/\/ergungroup.com.tr\/en\/wp-content\/uploads\/2022\/11\/kentsel-donusum-1.jpg\" title=\"\" class=\"img-zoom-gallery\">\n\t\t\t\t\t\t\t<div class=\"gallery-box\">\n\t\t\t\t\t\t\t\t<div class=\"gallery-img\"> <img loading=\"lazy\" decoding=\"async\" width=\"1280\" height=\"720\" src=\"https:\/\/ergungroup.com.tr\/en\/wp-content\/uploads\/2022\/11\/kentsel-donusum-1.jpg\" class=\"attachment-full size-full wp-image-2141\" alt=\"kentsel d\u00f6n\u00fc\u015f\u00fcm\" srcset=\"https:\/\/ergungroup.com.tr\/en\/wp-content\/uploads\/2022\/11\/kentsel-donusum-1.jpg 1280w, https:\/\/ergungroup.com.tr\/en\/wp-content\/uploads\/2022\/11\/kentsel-donusum-1-300x169.jpg 300w, https:\/\/ergungroup.com.tr\/en\/wp-content\/uploads\/2022\/11\/kentsel-donusum-1-1024x576.jpg 1024w, https:\/\/ergungroup.com.tr\/en\/wp-content\/uploads\/2022\/11\/kentsel-donusum-1-768x432.jpg 768w\" sizes=\"auto, (max-width: 1280px) 100vw, 1280px\" \/> <\/div>\n\t\t\t\t\t\t\t<\/div>\t\t\t\t\t\t\t\t\t\n\t\t\t\t\t\t<\/a>\n\t\t\t\t\t\t\n\t\t\t\t\t<\/div>\n\t\t\t    \t\n\t\t\t\n\t\t\t\n\t\t\t\t\n\n        \t\t<\/div>\n\t\t\t\t<\/div>\n\t\t\t\t\t<\/div>\n\t\t<\/div>\n\t\t\t\t<div class=\"elementor-column elementor-col-50 elementor-inner-column elementor-element elementor-element-00a7a90\" data-id=\"00a7a90\" data-element_type=\"column\">\n\t\t\t<div class=\"elementor-widget-wrap elementor-element-populated\">\n\t\t\t\t\t\t\t\t<div class=\"elementor-element elementor-element-cd3eb9e elementor-widget elementor-widget-bauen-single-img-video\" data-id=\"cd3eb9e\" data-element_type=\"widget\" data-widget_type=\"bauen-single-img-video.default\">\n\t\t\t\t<div class=\"elementor-widget-container\">\n\t\t\t\t\t\n\t\t\n\t\t\t\n\t\t\t\t\t\t    \t\t\t\t\n\t\t\t\t\t<div class=\"sec-gallery gallery-item\">\n\t\t\t\t\t\t\n\t\t\t\t\t\t<a href=\"https:\/\/ergungroup.com.tr\/en\/wp-content\/uploads\/2022\/11\/kentsel-donusum-2.jpg\" title=\"\" class=\"img-zoom-gallery\">\n\t\t\t\t\t\t\t<div class=\"gallery-box\">\n\t\t\t\t\t\t\t\t<div class=\"gallery-img\"> <img loading=\"lazy\" decoding=\"async\" width=\"1280\" height=\"720\" src=\"https:\/\/ergungroup.com.tr\/en\/wp-content\/uploads\/2022\/11\/kentsel-donusum-2.jpg\" class=\"attachment-full size-full wp-image-2142\" alt=\"\" srcset=\"https:\/\/ergungroup.com.tr\/en\/wp-content\/uploads\/2022\/11\/kentsel-donusum-2.jpg 1280w, https:\/\/ergungroup.com.tr\/en\/wp-content\/uploads\/2022\/11\/kentsel-donusum-2-300x169.jpg 300w, https:\/\/ergungroup.com.tr\/en\/wp-content\/uploads\/2022\/11\/kentsel-donusum-2-1024x576.jpg 1024w, https:\/\/ergungroup.com.tr\/en\/wp-content\/uploads\/2022\/11\/kentsel-donusum-2-768x432.jpg 768w\" sizes=\"auto, (max-width: 1280px) 100vw, 1280px\" \/> <\/div>\n\t\t\t\t\t\t\t<\/div>\t\t\t\t\t\t\t\t\t\n\t\t\t\t\t\t<\/a>\n\t\t\t\t\t\t\n\t\t\t\t\t<\/div>\n\t\t\t    \t\n\t\t\t\n\t\t\t\n\t\t\t\t\n\n        \t\t<\/div>\n\t\t\t\t<\/div>\n\t\t\t\t\t<\/div>\n\t\t<\/div>\n\t\t\t\t\t\t\t<\/div>\n\t\t<\/div>\n\t\t\t\t<div class=\"elementor-section elementor-inner-section elementor-element elementor-element-0deba3d elementor-section-full_width elementor-section-height-default elementor-section-height-default\" data-id=\"0deba3d\" data-element_type=\"section\">\n\t\t\t\t\t\t<div class=\"elementor-container elementor-column-gap-narrow\">\n\t\t\t\t\t<div class=\"elementor-column elementor-col-100 elementor-inner-column elementor-element elementor-element-70ca4c8\" data-id=\"70ca4c8\" data-element_type=\"column\">\n\t\t\t<div class=\"elementor-widget-wrap elementor-element-populated\">\n\t\t\t\t\t\t\t\t<div class=\"elementor-element elementor-element-4549594 elementor-widget elementor-widget-bauen-single-img-video\" data-id=\"4549594\" data-element_type=\"widget\" data-widget_type=\"bauen-single-img-video.default\">\n\t\t\t\t<div class=\"elementor-widget-container\">\n\t\t\t\t\t\n\t\t\n\t\t\t\n\t\t\t\t\t\t    \t\t\t\t\n\t\t\t\t\t<div class=\"sec-gallery gallery-item\">\n\t\t\t\t\t\t\n\t\t\t\t\t\t<a href=\"https:\/\/ergungroup.com.tr\/en\/wp-content\/uploads\/2022\/11\/kentsel-donusum-3.jpg\" title=\"\" class=\"img-zoom-gallery\">\n\t\t\t\t\t\t\t<div class=\"gallery-box\">\n\t\t\t\t\t\t\t\t<div class=\"gallery-img\"> <img loading=\"lazy\" decoding=\"async\" width=\"1280\" height=\"720\" src=\"https:\/\/ergungroup.com.tr\/en\/wp-content\/uploads\/2022\/11\/kentsel-donusum-3.jpg\" class=\"attachment-full size-full wp-image-2143\" alt=\"kentsel d\u00f6n\u00fc\u015f\u00fcm\" srcset=\"https:\/\/ergungroup.com.tr\/en\/wp-content\/uploads\/2022\/11\/kentsel-donusum-3.jpg 1280w, https:\/\/ergungroup.com.tr\/en\/wp-content\/uploads\/2022\/11\/kentsel-donusum-3-300x169.jpg 300w, https:\/\/ergungroup.com.tr\/en\/wp-content\/uploads\/2022\/11\/kentsel-donusum-3-1024x576.jpg 1024w, https:\/\/ergungroup.com.tr\/en\/wp-content\/uploads\/2022\/11\/kentsel-donusum-3-768x432.jpg 768w\" sizes=\"auto, (max-width: 1280px) 100vw, 1280px\" \/> <\/div>\n\t\t\t\t\t\t\t<\/div>\t\t\t\t\t\t\t\t\t\n\t\t\t\t\t\t<\/a>\n\t\t\t\t\t\t\n\t\t\t\t\t<\/div>\n\t\t\t    \t\n\t\t\t\n\t\t\t\n\t\t\t\t\n\n        \t\t<\/div>\n\t\t\t\t<\/div>\n\t\t\t\t\t<\/div>\n\t\t<\/div>\n\t\t\t\t\t\t\t<\/div>\n\t\t<\/div>\n\t\t\t\t\t<\/div>\n\t\t<\/div>\n\t\t\t\t\t\t\t<\/div>\n\t\t<\/section>\n\t\t\t\t\t\t\t<\/div>\n\t\t","protected":false},"excerpt":{"rendered":"<p>Urban Transformation Urban transformation is the reconstruction of buildings in accordance with existing regulations or the strengthening of existing buildings. In this way, it means making the buildings earthquake-resistant modern and restoring the city fabric with new buildings. In the urban transformation projects realized with the signature of Erg\u00fcn Group, a very comprehensive preliminary study is carried out first, and&#8230;<\/p>\n","protected":false},"author":1,"featured_media":2141,"parent":1563,"menu_order":2,"comment_status":"closed","ping_status":"closed","template":"","meta":{"_mi_skip_tracking":false,"_monsterinsights_sitenote_active":false,"_monsterinsights_sitenote_note":"","_monsterinsights_sitenote_category":0,"footnotes":"","_links_to":"","_links_to_target":""},"class_list":["post-172","page","type-page","status-publish","has-post-thumbnail","hentry"],"aioseo_notices":[],"_links":{"self":[{"href":"https:\/\/ergungroup.com.tr\/en\/wp-json\/wp\/v2\/pages\/172","targetHints":{"allow":["GET"]}}],"collection":[{"href":"https:\/\/ergungroup.com.tr\/en\/wp-json\/wp\/v2\/pages"}],"about":[{"href":"https:\/\/ergungroup.com.tr\/en\/wp-json\/wp\/v2\/types\/page"}],"author":[{"embeddable":true,"href":"https:\/\/ergungroup.com.tr\/en\/wp-json\/wp\/v2\/users\/1"}],"replies":[{"embeddable":true,"href":"https:\/\/ergungroup.com.tr\/en\/wp-json\/wp\/v2\/comments?post=172"}],"version-history":[{"count":13,"href":"https:\/\/ergungroup.com.tr\/en\/wp-json\/wp\/v2\/pages\/172\/revisions"}],"predecessor-version":[{"id":2796,"href":"https:\/\/ergungroup.com.tr\/en\/wp-json\/wp\/v2\/pages\/172\/revisions\/2796"}],"up":[{"embeddable":true,"href":"https:\/\/ergungroup.com.tr\/en\/wp-json\/wp\/v2\/pages\/1563"}],"wp:featuredmedia":[{"embeddable":true,"href":"https:\/\/ergungroup.com.tr\/en\/wp-json\/wp\/v2\/media\/2141"}],"wp:attachment":[{"href":"https:\/\/ergungroup.com.tr\/en\/wp-json\/wp\/v2\/media?parent=172"}],"curies":[{"name":"wp","href":"https:\/\/api.w.org\/{rel}","templated":true}]}}