{"id":69,"date":"2021-09-30T22:33:31","date_gmt":"2021-09-30T22:33:31","guid":{"rendered":"https:\/\/webredox.net\/demo\/wp\/bauen\/light\/multi\/demo1\/?page_id=69"},"modified":"2023-09-20T00:22:15","modified_gmt":"2023-09-19T21:22:15","slug":"projects","status":"publish","type":"page","link":"https:\/\/ergungroup.com.tr\/en\/projects\/","title":{"rendered":"Projects"},"content":{"rendered":"\t\t<div data-elementor-type=\"wp-page\" data-elementor-id=\"69\" class=\"elementor elementor-69\">\n\t\t\t\t\t\t\t\t\t<section class=\"elementor-section elementor-top-section elementor-element elementor-element-18322223 elementor-section-full_width elementor-section-height-default elementor-section-height-default\" data-id=\"18322223\" data-element_type=\"section\">\n\t\t\t\t\t\t<div class=\"elementor-container elementor-column-gap-default\">\n\t\t\t\t\t<div class=\"elementor-column elementor-col-100 elementor-top-column elementor-element elementor-element-69474760\" data-id=\"69474760\" data-element_type=\"column\">\n\t\t\t<div class=\"elementor-widget-wrap elementor-element-populated\">\n\t\t\t\t\t\t\t\t<div class=\"elementor-section elementor-inner-section elementor-element elementor-element-55d23cad elementor-section-boxed elementor-section-height-default elementor-section-height-default\" data-id=\"55d23cad\" data-element_type=\"section\">\n\t\t\t\t\t\t<div class=\"elementor-container elementor-column-gap-default\">\n\t\t\t\t\t<div class=\"elementor-column elementor-col-100 elementor-inner-column elementor-element elementor-element-6d85e8d0\" data-id=\"6d85e8d0\" data-element_type=\"column\">\n\t\t\t<div class=\"elementor-widget-wrap elementor-element-populated\">\n\t\t\t\t\t\t\t\t<div class=\"elementor-element elementor-element-6e3d2e60 elementor-widget elementor-widget-bauen-title\" data-id=\"6e3d2e60\" data-element_type=\"widget\" data-widget_type=\"bauen-title.default\">\n\t\t\t\t<div class=\"elementor-widget-container\">\n\t\t\t\t\t\n\t\t\t\n\t\t\t\t\t\t<h1 class=\"section-title text-left\">Our Projects<\/h1>\n\t\t\t\t\n\t\t\t\t\n        \n\t\t\t\n        \t\t<\/div>\n\t\t\t\t<\/div>\n\t\t\t\t<div class=\"elementor-element elementor-element-3dd8bcb elementor-widget elementor-widget-bauen-portfolio-grid\" data-id=\"3dd8bcb\" data-element_type=\"widget\" data-widget_type=\"bauen-portfolio-grid.default\">\n\t\t\t\t<div class=\"elementor-widget-container\">\n\t\t\t\n\t\t<div class=\"sec-portfolio projects\"> \n\t\t\t\t\t\n\t\t\t<div class=\"container-after\">\n\t\t        \t\t\t\t<div class=\"row isotope-items-wrap  no-hide-last loadmore-wrapper \" data-load-item=\"10\" data-button-text=\"T\u00fcm\u00fcn\u00fc G\u00f6ster\">\t\n\t\t\t\t\n\t\t\t\t\t\t\t\t\t\n\t\t\t\t\t\t\t\t\t\t<div class=\"isotope-item col-md-6 construction-contracting \">\n\t\t\t\t\t    <a href=\"https:\/\/ergungroup.com.tr\/en\/portfolio\/semt-bahcekent\/\">\n\t\t\t\t\t\t\t<div class=\"item\">\t\t\t\t\t\t\t\t\n\t\t\t\t\t\t\t\t<div class=\"position-re o-hidden\">\n\t\t\t\t\t\t\t\t\t\t\t\t\t\t\n\t\t\t\t\t\t\t\t\t<img decoding=\"async\" src=\"https:\/\/ergungroup.com.tr\/en\/wp-content\/uploads\/2021\/09\/semt-bahcekent-cover-540x317.jpg\" alt=\"Semt Bah\u00e7ekent\">\n\t\t\t\t\t\t\t\t\t\t\t\t\t\t\t\t\t<\/div>\t\n\t\t\t\t\t\t\t\t<div class=\"con overlay-full-auto\">\n\t\t\t\t\t\t\t\t\t<h6 class=\"category\"><span class=\"cat-divider\">Construction &amp; Contracting  <\/span><\/h6>\n\t\t\t\t\t\t\t\t\t<h5 class=\"title bn-post-title-grid\">Semt Bah\u00e7ekent<\/h5>\n\t\t\t\t\t\t\t\t\t<div class=\"line\"><\/div>\n\t\t\t\t\t\t\t\t\t\t\n\t\t\t\t\t\t\t\t\t\t<i class=\"ti-arrow-right\"><\/i>\n\t\t\t\t\t\t\t\t\t\t\t\t\t\t\t\t\n\t\t\t\t\t\t\t\t<\/div>\t\t\t\t\t\t\t\t\t\n\t\t\t\t\t\t\t<\/div>\t\n\t\t\t\t\t\t<\/a>\t\t\t\t\t\t\t\t\t\t\n\t\t\t\t\t<\/div>\n\t\t\t\t\t\t\t\t\t\t\n\t\t\t\t\t\t\t\t\t\n\t\t\t\t\t\t\t\t\t\t<div class=\"isotope-item col-md-6 mechanical-contracting \">\n\t\t\t\t\t    <a href=\"https:\/\/ergungroup.com.tr\/en\/portfolio\/darulaceze-social-service-city\/\">\n\t\t\t\t\t\t\t<div class=\"item\">\t\t\t\t\t\t\t\t\n\t\t\t\t\t\t\t\t<div class=\"position-re o-hidden\">\n\t\t\t\t\t\t\t\t\t\t\t\t\t\t\n\t\t\t\t\t\t\t\t\t<img decoding=\"async\" src=\"https:\/\/ergungroup.com.tr\/en\/wp-content\/uploads\/2022\/12\/darulaceze-sosyal-hizmet-sehri-cover-540x317.jpg\" alt=\"Dar\u00fclaceze Social Service City\">\n\t\t\t\t\t\t\t\t\t\t\t\t\t\t\t\t\t<\/div>\t\n\t\t\t\t\t\t\t\t<div class=\"con overlay-full-auto\">\n\t\t\t\t\t\t\t\t\t<h6 class=\"category\"><span class=\"cat-divider\">Mechanical Contracting  <\/span><\/h6>\n\t\t\t\t\t\t\t\t\t<h5 class=\"title bn-post-title-grid\">Dar\u00fclaceze Social Service City<\/h5>\n\t\t\t\t\t\t\t\t\t<div class=\"line\"><\/div>\n\t\t\t\t\t\t\t\t\t\t\n\t\t\t\t\t\t\t\t\t\t<i class=\"ti-arrow-right\"><\/i>\n\t\t\t\t\t\t\t\t\t\t\t\t\t\t\t\t\n\t\t\t\t\t\t\t\t<\/div>\t\t\t\t\t\t\t\t\t\n\t\t\t\t\t\t\t<\/div>\t\n\t\t\t\t\t\t<\/a>\t\t\t\t\t\t\t\t\t\t\n\t\t\t\t\t<\/div>\n\t\t\t\t\t\t\t\t\t\t\n\t\t\t\t\t\t\t\t\t\n\t\t\t\t\t\t\t\t\t\t<div class=\"isotope-item col-md-6 construction-contracting \">\n\t\t\t\t\t    <a href=\"https:\/\/ergungroup.com.tr\/en\/portfolio\/istanbul-airport\/\">\n\t\t\t\t\t\t\t<div class=\"item\">\t\t\t\t\t\t\t\t\n\t\t\t\t\t\t\t\t<div class=\"position-re o-hidden\">\n\t\t\t\t\t\t\t\t\t\t\t\t\t\t\n\t\t\t\t\t\t\t\t\t<img decoding=\"async\" src=\"https:\/\/ergungroup.com.tr\/en\/wp-content\/uploads\/2022\/12\/istanbul-havalimani-cover-540x317.jpg\" alt=\"\u0130stanbul Airport\">\n\t\t\t\t\t\t\t\t\t\t\t\t\t\t\t\t\t<\/div>\t\n\t\t\t\t\t\t\t\t<div class=\"con overlay-full-auto\">\n\t\t\t\t\t\t\t\t\t<h6 class=\"category\"><span class=\"cat-divider\">Construction &amp; Contracting  <\/span><\/h6>\n\t\t\t\t\t\t\t\t\t<h5 class=\"title bn-post-title-grid\">\u0130stanbul Airport<\/h5>\n\t\t\t\t\t\t\t\t\t<div class=\"line\"><\/div>\n\t\t\t\t\t\t\t\t\t\t\n\t\t\t\t\t\t\t\t\t\t<i class=\"ti-arrow-right\"><\/i>\n\t\t\t\t\t\t\t\t\t\t\t\t\t\t\t\t\n\t\t\t\t\t\t\t\t<\/div>\t\t\t\t\t\t\t\t\t\n\t\t\t\t\t\t\t<\/div>\t\n\t\t\t\t\t\t<\/a>\t\t\t\t\t\t\t\t\t\t\n\t\t\t\t\t<\/div>\n\t\t\t\t\t\t\t\t\t\t\n\t\t\t\t\t\t\t\t\t\n\t\t\t\t\t\t\t\t\t\t<div class=\"isotope-item col-md-6 construction-contracting \">\n\t\t\t\t\t    <a href=\"https:\/\/ergungroup.com.tr\/en\/portfolio\/istanbul-finance-center\/\">\n\t\t\t\t\t\t\t<div class=\"item\">\t\t\t\t\t\t\t\t\n\t\t\t\t\t\t\t\t<div class=\"position-re o-hidden\">\n\t\t\t\t\t\t\t\t\t\t\t\t\t\t\n\t\t\t\t\t\t\t\t\t<img decoding=\"async\" src=\"https:\/\/ergungroup.com.tr\/en\/wp-content\/uploads\/2022\/12\/istanbul-finans-merkezi-cover-540x317.jpg\" alt=\"\u0130stanbul Finance Center\">\n\t\t\t\t\t\t\t\t\t\t\t\t\t\t\t\t\t<\/div>\t\n\t\t\t\t\t\t\t\t<div class=\"con overlay-full-auto\">\n\t\t\t\t\t\t\t\t\t<h6 class=\"category\"><span class=\"cat-divider\">Construction &amp; Contracting  <\/span><\/h6>\n\t\t\t\t\t\t\t\t\t<h5 class=\"title bn-post-title-grid\">\u0130stanbul Finance Center<\/h5>\n\t\t\t\t\t\t\t\t\t<div class=\"line\"><\/div>\n\t\t\t\t\t\t\t\t\t\t\n\t\t\t\t\t\t\t\t\t\t<i class=\"ti-arrow-right\"><\/i>\n\t\t\t\t\t\t\t\t\t\t\t\t\t\t\t\t\n\t\t\t\t\t\t\t\t<\/div>\t\t\t\t\t\t\t\t\t\n\t\t\t\t\t\t\t<\/div>\t\n\t\t\t\t\t\t<\/a>\t\t\t\t\t\t\t\t\t\t\n\t\t\t\t\t<\/div>\n\t\t\t\t\t\t\t\t\t\t\n\t\t\t\t\t\t\t\t\t\n\t\t\t\t\t\t\t\t\t\t<div class=\"isotope-item col-md-6 construction-contracting \">\n\t\t\t\t\t    <a href=\"https:\/\/ergungroup.com.tr\/en\/portfolio\/omer-halisdemir-stadium\/\">\n\t\t\t\t\t\t\t<div class=\"item\">\t\t\t\t\t\t\t\t\n\t\t\t\t\t\t\t\t<div class=\"position-re o-hidden\">\n\t\t\t\t\t\t\t\t\t\t\t\t\t\t\n\t\t\t\t\t\t\t\t\t<img decoding=\"async\" src=\"https:\/\/ergungroup.com.tr\/en\/wp-content\/uploads\/2021\/09\/omer-halisdemir-stadi-cover-540x317.jpg\" alt=\"\u00d6mer Halisdemir Stadium\">\n\t\t\t\t\t\t\t\t\t\t\t\t\t\t\t\t\t<\/div>\t\n\t\t\t\t\t\t\t\t<div class=\"con overlay-full-auto\">\n\t\t\t\t\t\t\t\t\t<h6 class=\"category\"><span class=\"cat-divider\">Construction &amp; Contracting  <\/span><\/h6>\n\t\t\t\t\t\t\t\t\t<h5 class=\"title bn-post-title-grid\">\u00d6mer Halisdemir Stadium<\/h5>\n\t\t\t\t\t\t\t\t\t<div class=\"line\"><\/div>\n\t\t\t\t\t\t\t\t\t\t\n\t\t\t\t\t\t\t\t\t\t<i class=\"ti-arrow-right\"><\/i>\n\t\t\t\t\t\t\t\t\t\t\t\t\t\t\t\t\n\t\t\t\t\t\t\t\t<\/div>\t\t\t\t\t\t\t\t\t\n\t\t\t\t\t\t\t<\/div>\t\n\t\t\t\t\t\t<\/a>\t\t\t\t\t\t\t\t\t\t\n\t\t\t\t\t<\/div>\n\t\t\t\t\t\t\t\t\t\t\n\t\t\t\t\t\t\t\t\t\n\t\t\t\t\t\t\t\t\t\t<div class=\"isotope-item col-md-6 construction-contracting \">\n\t\t\t\t\t    <a href=\"https:\/\/ergungroup.com.tr\/en\/portfolio\/darulaceze-cultural-and-social-facility\/\">\n\t\t\t\t\t\t\t<div class=\"item\">\t\t\t\t\t\t\t\t\n\t\t\t\t\t\t\t\t<div class=\"position-re o-hidden\">\n\t\t\t\t\t\t\t\t\t\t\t\t\t\t\n\t\t\t\t\t\t\t\t\t<img decoding=\"async\" src=\"https:\/\/ergungroup.com.tr\/en\/wp-content\/uploads\/2022\/12\/darulaceze-cover-540x317.jpg\" alt=\"Dar\u00fclaceze Cultural and Social Facility\">\n\t\t\t\t\t\t\t\t\t\t\t\t\t\t\t\t\t<\/div>\t\n\t\t\t\t\t\t\t\t<div class=\"con overlay-full-auto\">\n\t\t\t\t\t\t\t\t\t<h6 class=\"category\"><span class=\"cat-divider\">Construction &amp; Contracting  <\/span><\/h6>\n\t\t\t\t\t\t\t\t\t<h5 class=\"title bn-post-title-grid\">Dar\u00fclaceze Cultural and Social Facility<\/h5>\n\t\t\t\t\t\t\t\t\t<div class=\"line\"><\/div>\n\t\t\t\t\t\t\t\t\t\t\n\t\t\t\t\t\t\t\t\t\t<i class=\"ti-arrow-right\"><\/i>\n\t\t\t\t\t\t\t\t\t\t\t\t\t\t\t\t\n\t\t\t\t\t\t\t\t<\/div>\t\t\t\t\t\t\t\t\t\n\t\t\t\t\t\t\t<\/div>\t\n\t\t\t\t\t\t<\/a>\t\t\t\t\t\t\t\t\t\t\n\t\t\t\t\t<\/div>\n\t\t\t\t\t\t\t\t\t\t\n\t\t\t\t\t\t\t\t\t\n\t\t\t\t\t\t\t\t\t\t<div class=\"isotope-item col-md-6 construction-contracting \">\n\t\t\t\t\t    <a href=\"https:\/\/ergungroup.com.tr\/en\/portfolio\/bilisim-valley\/\">\n\t\t\t\t\t\t\t<div class=\"item\">\t\t\t\t\t\t\t\t\n\t\t\t\t\t\t\t\t<div class=\"position-re o-hidden\">\n\t\t\t\t\t\t\t\t\t\t\t\t\t\t\n\t\t\t\t\t\t\t\t\t<img decoding=\"async\" src=\"https:\/\/ergungroup.com.tr\/en\/wp-content\/uploads\/2022\/12\/bilisim-vadisi-cover-540x317.jpg\" alt=\"Bili\u015fim Valley\">\n\t\t\t\t\t\t\t\t\t\t\t\t\t\t\t\t\t<\/div>\t\n\t\t\t\t\t\t\t\t<div class=\"con overlay-full-auto\">\n\t\t\t\t\t\t\t\t\t<h6 class=\"category\"><span class=\"cat-divider\">Construction &amp; Contracting  <\/span><\/h6>\n\t\t\t\t\t\t\t\t\t<h5 class=\"title bn-post-title-grid\">Bili\u015fim Valley<\/h5>\n\t\t\t\t\t\t\t\t\t<div class=\"line\"><\/div>\n\t\t\t\t\t\t\t\t\t\t\n\t\t\t\t\t\t\t\t\t\t<i class=\"ti-arrow-right\"><\/i>\n\t\t\t\t\t\t\t\t\t\t\t\t\t\t\t\t\n\t\t\t\t\t\t\t\t<\/div>\t\t\t\t\t\t\t\t\t\n\t\t\t\t\t\t\t<\/div>\t\n\t\t\t\t\t\t<\/a>\t\t\t\t\t\t\t\t\t\t\n\t\t\t\t\t<\/div>\n\t\t\t\t\t\t\t\t\t\t\n\t\t\t\t\t\t\t\t\t\n\t\t\t\t\t\t\t\t\t\t<div class=\"isotope-item col-md-6 construction-contracting \">\n\t\t\t\t\t    <a href=\"https:\/\/ergungroup.com.tr\/en\/portfolio\/milli-irade-park\/\">\n\t\t\t\t\t\t\t<div class=\"item\">\t\t\t\t\t\t\t\t\n\t\t\t\t\t\t\t\t<div class=\"position-re o-hidden\">\n\t\t\t\t\t\t\t\t\t\t\t\t\t\t\n\t\t\t\t\t\t\t\t\t<img decoding=\"async\" src=\"https:\/\/ergungroup.com.tr\/en\/wp-content\/uploads\/2021\/09\/milli-irade-parki-cover-540x317.jpg\" alt=\"Milli \u0130rade Park\">\n\t\t\t\t\t\t\t\t\t\t\t\t\t\t\t\t\t<\/div>\t\n\t\t\t\t\t\t\t\t<div class=\"con overlay-full-auto\">\n\t\t\t\t\t\t\t\t\t<h6 class=\"category\"><span class=\"cat-divider\">Construction &amp; Contracting  <\/span><\/h6>\n\t\t\t\t\t\t\t\t\t<h5 class=\"title bn-post-title-grid\">Milli \u0130rade Park<\/h5>\n\t\t\t\t\t\t\t\t\t<div class=\"line\"><\/div>\n\t\t\t\t\t\t\t\t\t\t\n\t\t\t\t\t\t\t\t\t\t<i class=\"ti-arrow-right\"><\/i>\n\t\t\t\t\t\t\t\t\t\t\t\t\t\t\t\t\n\t\t\t\t\t\t\t\t<\/div>\t\t\t\t\t\t\t\t\t\n\t\t\t\t\t\t\t<\/div>\t\n\t\t\t\t\t\t<\/a>\t\t\t\t\t\t\t\t\t\t\n\t\t\t\t\t<\/div>\n\t\t\t\t\t\t\t\t\t\t\n\t\t\t\t\t\t\t\t\t\n\t\t        <\/div> \n\t\t    <\/div> \t\t\t\n\t\t<\/div>\n\t\t\n        \t\t<\/div>\n\t\t\t\t<\/div>\n\t\t\t\t\t<\/div>\n\t\t<\/div>\n\t\t\t\t\t\t\t<\/div>\n\t\t<\/div>\n\t\t\t\t\t<\/div>\n\t\t<\/div>\n\t\t\t\t\t\t\t<\/div>\n\t\t<\/section>\n\t\t\t\t<section class=\"elementor-section elementor-top-section elementor-element elementor-element-73d9ac94 elementor-section-full_width elementor-section-height-default elementor-section-height-default\" data-id=\"73d9ac94\" data-element_type=\"section\" data-settings=\"{&quot;background_background&quot;:&quot;classic&quot;}\">\n\t\t\t\t\t\t\t<div class=\"elementor-background-overlay\"><\/div>\n\t\t\t\t\t\t\t<div class=\"elementor-container elementor-column-gap-default\">\n\t\t\t\t\t<div class=\"elementor-column elementor-col-100 elementor-top-column elementor-element elementor-element-c4644d\" data-id=\"c4644d\" data-element_type=\"column\">\n\t\t\t<div class=\"elementor-widget-wrap elementor-element-populated\">\n\t\t\t\t\t\t\t\t<div class=\"elementor-section elementor-inner-section elementor-element elementor-element-4d9175d2 elementor-section-boxed elementor-section-height-default elementor-section-height-default\" data-id=\"4d9175d2\" data-element_type=\"section\">\n\t\t\t\t\t\t<div class=\"elementor-container elementor-column-gap-default\">\n\t\t\t\t\t<div class=\"elementor-column elementor-col-33 elementor-inner-column elementor-element elementor-element-58b2e225\" data-id=\"58b2e225\" data-element_type=\"column\">\n\t\t\t<div class=\"elementor-widget-wrap elementor-element-populated\">\n\t\t\t\t\t\t\t\t<div class=\"elementor-element elementor-element-790546f7 elementor-widget elementor-widget-bauen-video\" data-id=\"790546f7\" data-element_type=\"widget\" data-widget_type=\"bauen-video.default\">\n\t\t\t\t<div class=\"elementor-widget-container\">\n\t\t\t\t\t\n\t\t<div class=\"vid-area\">\n\t\t    \t\t\t<div class=\"vid-icon\">\n\t\t\t\t<a class=\"play-button vid\" href=\"https:\/\/youtu.be\/uiUCoU7XAg0\"  class=\"play-button vid js-video-button glightbox\">\n\t\t\t\t\t<svg class=\"circle-fill\">\n\t\t\t\t\t\t<circle cx=\"43\" cy=\"43\" r=\"39\" stroke=\"#fff\" stroke-width=\".5\"><\/circle>\n\t\t\t\t\t<\/svg>\n\t\t\t\t\t<svg class=\"circle-fill\">\n\t\t\t\t\t\t<circle cx=\"43\" cy=\"43\" r=\"39\" stroke=\"none\" stroke-width=\"1\" fill=\"none\"><\/circle>\n\t\t\t\t\t<\/svg> <span class=\"polygon\">\n                    \t\n\t\t\t\t\t    <i class=\"ti-control-play\"><\/i>\n\t\t\t\t\t\t\t\t\t\t\t\n\t\t\t\t\t\t\n\t\t\t\t\t<\/span> \n\t\t\t\t<\/a>\n\t\t\t<\/div>\n\t\t\t\t\t\t\t\t\t<div class=\"cont mt-15 mb-30\">\n\t\t\t\t<h5>Erg\u00fcn Group<\/h5>\n\t\t\t<\/div>\n\t\t\t\t\t<\/div>\t\t\n\t\t\t\t\t\t\t\t\n        \t\t<\/div>\n\t\t\t\t<\/div>\n\t\t\t\t\t<\/div>\n\t\t<\/div>\n\t\t\t\t<div class=\"elementor-column elementor-col-33 elementor-inner-column elementor-element elementor-element-a1f158c\" data-id=\"a1f158c\" data-element_type=\"column\">\n\t\t\t<div class=\"elementor-widget-wrap\">\n\t\t\t\t\t\t\t\t\t<\/div>\n\t\t<\/div>\n\t\t\t\t<div class=\"elementor-column elementor-col-33 elementor-inner-column elementor-element elementor-element-1e8b06dd\" data-id=\"1e8b06dd\" data-element_type=\"column\">\n\t\t\t<div class=\"elementor-widget-wrap elementor-element-populated\">\n\t\t\t\t\t\t\t\t<div class=\"elementor-element elementor-element-20b26c7 elementor-invisible elementor-widget elementor-widget-bauen-testimonials\" data-id=\"20b26c7\" data-element_type=\"widget\" data-settings=\"{&quot;_animation&quot;:&quot;fadeInUp&quot;}\" data-widget_type=\"bauen-testimonials.default\">\n\t\t\t\t<div class=\"elementor-widget-container\">\n\t\t\t\n        \t\t\t\n\t\t<div class=\"testimonials\">\n\t\t\t<div class=\"sec-testimonials-carousel testimonials-box\">\n\t\t\t    \t\t\t\t<div class=\"head-box\">\n\t\t\t\t\t<h4>Construction & Contracting<\/h4>\n\t\t\t\t<\/div>\t\n\t\t\t\t\t\t\t\t<div class=\"owl-carousel owl-theme\" data-testimonials-autoplay=\"false\" data-testimonials-speed=\"500\" data-testimonials-autoplay-timeout=\"5000\" data-rtl=\"false\">\n\t\t\t\t\t\t\t\t\t\t<div class=\"item\"> <span class=\"quote\"><img decoding=\"async\" src=\"https:\/\/ergungroup.com.tr\/en\/wp-content\/themes\/bauen\/includes\/images\/quot.png\" alt=\"quote\"><\/span>\n\t\t\t\t\t\t<p>As Erg\u00fcn Group, with our professional team, we realize reliable construction projects at affordable costs without sacrificing quality.<\/p>\n\t\t\t\t\t\t<div class=\"info\">\n\t\t\t\t\t\t\t<div class=\"author-img\"> <img decoding=\"async\" src=\"https:\/\/ergungroup.com.tr\/en\/wp-content\/uploads\/2022\/12\/footer-carousel-logo.jpg\" alt=\"Construction &amp; Contracting Services\"> <\/div>\n\t\t\t\t\t\t\t<div class=\"cont\">\n\t\t\t\t\t\t\t\t\t\t\t\t\t\t\t\t<h6>Erg\u00fcn Group<\/h6> \n\t\t\t\t\t\t\t\t\t\n\t\t\t\t\t\t\t\t\t\t\t\t\t\t\t\t<span>Construction &amp; Contracting Services<\/span>\n\t\t\t\t\t\t\t\t\t\t\n\t\t\t\t\t\t\t<\/div>\n\t\t\t\t\t\t<\/div>\t\t\t\t\t\t\t\t\t\t\n\t\t\t\t\t<\/div>\n\t\t\t\t\t\t\t\t\t\t<div class=\"item\"> <span class=\"quote\"><img decoding=\"async\" src=\"https:\/\/ergungroup.com.tr\/en\/wp-content\/themes\/bauen\/includes\/images\/quot.png\" alt=\"quote\"><\/span>\n\t\t\t\t\t\t<p>We rebuild your old buildings at risk of disaster without sacrificing quality, in a short time and in compliance with the laws.<\/p>\n\t\t\t\t\t\t<div class=\"info\">\n\t\t\t\t\t\t\t<div class=\"author-img\"> <img decoding=\"async\" src=\"https:\/\/ergungroup.com.tr\/en\/wp-content\/uploads\/2022\/12\/footer-carousel-logo.jpg\" alt=\"Urban Transformation Services\"> <\/div>\n\t\t\t\t\t\t\t<div class=\"cont\">\n\t\t\t\t\t\t\t\t\t\t\t\t\t\t\t\t<h6>Erg\u00fcn Group<\/h6> \n\t\t\t\t\t\t\t\t\t\n\t\t\t\t\t\t\t\t\t\t\t\t\t\t\t\t<span>Urban Transformation Services<\/span>\n\t\t\t\t\t\t\t\t\t\t\n\t\t\t\t\t\t\t<\/div>\n\t\t\t\t\t\t<\/div>\t\t\t\t\t\t\t\t\t\t\n\t\t\t\t\t<\/div>\n\t\t\t\t\t\t\t\t\t\t<div class=\"item\"> <span class=\"quote\"><img decoding=\"async\" src=\"https:\/\/ergungroup.com.tr\/en\/wp-content\/themes\/bauen\/includes\/images\/quot.png\" alt=\"quote\"><\/span>\n\t\t\t\t\t\t<p>As Erg\u00fcn Group, we produce solutions for all your needs by offering design, project design and application services as a whole.<\/p>\n\t\t\t\t\t\t<div class=\"info\">\n\t\t\t\t\t\t\t<div class=\"author-img\"> <img decoding=\"async\" src=\"https:\/\/ergungroup.com.tr\/en\/wp-content\/uploads\/2022\/12\/footer-carousel-logo.jpg\" alt=\"Mechanical Contracting\"> <\/div>\n\t\t\t\t\t\t\t<div class=\"cont\">\n\t\t\t\t\t\t\t\t\t\t\t\t\t\t\t\t<h6>Erg\u00fcn Group<\/h6> \n\t\t\t\t\t\t\t\t\t\n\t\t\t\t\t\t\t\t\t\t\t\t\t\t\t\t<span>Mechanical Contracting<\/span>\n\t\t\t\t\t\t\t\t\t\t\n\t\t\t\t\t\t\t<\/div>\n\t\t\t\t\t\t<\/div>\t\t\t\t\t\t\t\t\t\t\n\t\t\t\t\t<\/div>\n\t\t\t\t\t\t\t\t\t\t<div class=\"item\"> <span class=\"quote\"><img decoding=\"async\" src=\"https:\/\/ergungroup.com.tr\/en\/wp-content\/themes\/bauen\/includes\/images\/quot.png\" alt=\"quote\"><\/span>\n\t\t\t\t\t\t<p>As Erg\u00fcn Group, we produce solutions to all needs of the electrical project design and contracting sector with our expert technical staff.<\/p>\n\t\t\t\t\t\t<div class=\"info\">\n\t\t\t\t\t\t\t<div class=\"author-img\"> <img decoding=\"async\" src=\"https:\/\/ergungroup.com.tr\/en\/wp-content\/uploads\/2022\/12\/footer-carousel-logo.jpg\" alt=\"Electric Contracting\"> <\/div>\n\t\t\t\t\t\t\t<div class=\"cont\">\n\t\t\t\t\t\t\t\t\t\t\t\t\t\t\t\t<h6>Erg\u00fcn Group<\/h6> \n\t\t\t\t\t\t\t\t\t\n\t\t\t\t\t\t\t\t\t\t\t\t\t\t\t\t<span>Electric Contracting<\/span>\n\t\t\t\t\t\t\t\t\t\t\n\t\t\t\t\t\t\t<\/div>\n\t\t\t\t\t\t<\/div>\t\t\t\t\t\t\t\t\t\t\n\t\t\t\t\t<\/div>\n\t\t\t\t\t\t\t\t\t\t<div class=\"item\"> <span class=\"quote\"><img decoding=\"async\" src=\"https:\/\/ergungroup.com.tr\/en\/wp-content\/themes\/bauen\/includes\/images\/quot.png\" alt=\"quote\"><\/span>\n\t\t\t\t\t\t<p>As Erg\u00fcn Group, we produce professional solutions for landscaping your living spaces with our experienced staff.<\/p>\n\t\t\t\t\t\t<div class=\"info\">\n\t\t\t\t\t\t\t<div class=\"author-img\"> <img decoding=\"async\" src=\"https:\/\/ergungroup.com.tr\/en\/wp-content\/uploads\/2022\/12\/footer-carousel-logo.jpg\" alt=\"Landscape Applications\"> <\/div>\n\t\t\t\t\t\t\t<div class=\"cont\">\n\t\t\t\t\t\t\t\t\t\t\t\t\t\t\t\t<h6>Erg\u00fcn Group<\/h6> \n\t\t\t\t\t\t\t\t\t\n\t\t\t\t\t\t\t\t\t\t\t\t\t\t\t\t<span>Landscape Applications<\/span>\n\t\t\t\t\t\t\t\t\t\t\n\t\t\t\t\t\t\t<\/div>\n\t\t\t\t\t\t<\/div>\t\t\t\t\t\t\t\t\t\t\n\t\t\t\t\t<\/div>\n\t\t\t\t\t\t\t\t\t<\/div>\t\t\n\t\t\t<\/div>\t\t\n\t\t<\/div>\t\n\t\t\n        \t\t<\/div>\n\t\t\t\t<\/div>\n\t\t\t\t\t<\/div>\n\t\t<\/div>\n\t\t\t\t\t\t\t<\/div>\n\t\t<\/div>\n\t\t\t\t\t<\/div>\n\t\t<\/div>\n\t\t\t\t\t\t\t<\/div>\n\t\t<\/section>\n\t\t\t\t<section class=\"elementor-section elementor-top-section elementor-element elementor-element-35e256fa elementor-section-full_width elementor-section-height-default elementor-section-height-default\" data-id=\"35e256fa\" data-element_type=\"section\" data-settings=\"{&quot;background_background&quot;:&quot;classic&quot;}\">\n\t\t\t\t\t\t<div class=\"elementor-container elementor-column-gap-default\">\n\t\t\t\t\t<div class=\"elementor-column elementor-col-100 elementor-top-column elementor-element elementor-element-16ca8dbf\" data-id=\"16ca8dbf\" data-element_type=\"column\">\n\t\t\t<div class=\"elementor-widget-wrap elementor-element-populated\">\n\t\t\t\t\t\t\t\t<div class=\"elementor-section elementor-inner-section elementor-element elementor-element-46ae1a62 elementor-section-boxed elementor-section-height-default elementor-section-height-default\" data-id=\"46ae1a62\" data-element_type=\"section\">\n\t\t\t\t\t\t<div class=\"elementor-container elementor-column-gap-default\">\n\t\t\t\t\t<div class=\"elementor-column elementor-col-50 elementor-inner-column elementor-element elementor-element-52e3dc66\" data-id=\"52e3dc66\" data-element_type=\"column\">\n\t\t\t<div class=\"elementor-widget-wrap elementor-element-populated\">\n\t\t\t\t\t\t\t\t<div class=\"elementor-element elementor-element-386b2d32 elementor-widget elementor-widget-bauen-clients\" data-id=\"386b2d32\" data-element_type=\"widget\" data-widget_type=\"bauen-clients.default\">\n\t\t\t\t<div class=\"elementor-widget-container\">\n\t\t\t\n\t\t<div class=\"clients\">\n\t\t\t<div class=\"owl-carousel owl-theme\" data-clients-autoplay=\"true\" data-clients-speed=\"500\" data-client-autoplay-timeout=\"5000\" data-carousel-columns=\"5\" data-carousel-gap=\"30\" data-carousel-mobile-gap=\"10\" data-carousel-tablet-gap=\"10\" data-carousel-columns-tablet=\"3\" data-rtl=\"false\">\n\t\t\t\t\t\t\t\t<div class=\"clients-logo\">\n\t\t\t\t    \t\t\t\t\t<a href=\"https:\/\/ergungroup.com.tr\/en\/projects\/\" target=\"_self\" rel=\"noopener noreferrer\">\n\t\t\t\t\t\t\t\t\t\t\t\n\t\t\t\t\t<img decoding=\"async\" src=\"https:\/\/ergungroup.com.tr\/en\/wp-content\/uploads\/2022\/12\/emlak-konut-footer-logo.png\" alt=\"emlak konut\">\t\t\t\t\n\t\t\t\t\t\t\t\t\t\t<\/a>\n\t\t\t\t\t\t\t\t\n\t\t\t\t<\/div>\t\n\t\t\t\t\t\t\t\t<div class=\"clients-logo\">\n\t\t\t\t    \t\t\t\t\t<a href=\"https:\/\/ergungroup.com.tr\/en\/projects\/\" target=\"_self\" rel=\"noopener noreferrer\">\n\t\t\t\t\t\t\t\t\t\t\t\n\t\t\t\t\t<img decoding=\"async\" src=\"https:\/\/ergungroup.com.tr\/en\/wp-content\/uploads\/2022\/12\/thy-footer-logo.png\" alt=\"turkish airlines\">\t\t\t\t\n\t\t\t\t\t\t\t\t\t\t<\/a>\n\t\t\t\t\t\t\t\t\n\t\t\t\t<\/div>\t\n\t\t\t\t\t\t\t\t<div class=\"clients-logo\">\n\t\t\t\t    \t\t\t\t\t<a href=\"https:\/\/ergungroup.com.tr\/en\/projects\/\" target=\"_self\" rel=\"noopener noreferrer\">\n\t\t\t\t\t\t\t\t\t\t\t\n\t\t\t\t\t<img decoding=\"async\" src=\"https:\/\/ergungroup.com.tr\/en\/wp-content\/uploads\/2022\/11\/semt-bahcekent-footer-logo.png\" alt=\"semt bah\u00e7ekent\">\t\t\t\t\n\t\t\t\t\t\t\t\t\t\t<\/a>\n\t\t\t\t\t\t\t\t\n\t\t\t\t<\/div>\t\n\t\t\t\t\t\t\t\t<div class=\"clients-logo\">\n\t\t\t\t    \t\t\t\t\t<a href=\"https:\/\/ergungroup.com.tr\/en\/projects\/\" target=\"_self\" rel=\"noopener noreferrer\">\n\t\t\t\t\t\t\t\t\t\t\t\n\t\t\t\t\t<img decoding=\"async\" src=\"https:\/\/ergungroup.com.tr\/en\/wp-content\/uploads\/2022\/11\/ibb-footer-logo.png\" alt=\"istanbul metropolitan municipality\">\t\t\t\t\n\t\t\t\t\t\t\t\t\t\t<\/a>\n\t\t\t\t\t\t\t\t\n\t\t\t\t<\/div>\t\n\t\t\t\t\t\t\t\t<div class=\"clients-logo\">\n\t\t\t\t    \t\t\t\t\t<a href=\"https:\/\/ergungroup.com.tr\/en\/projects\/\" target=\"_self\" rel=\"noopener noreferrer\">\n\t\t\t\t\t\t\t\t\t\t\t\n\t\t\t\t\t<img decoding=\"async\" src=\"https:\/\/ergungroup.com.tr\/en\/wp-content\/uploads\/2022\/11\/iski-footer-logo.png\" alt=\"iski\">\t\t\t\t\n\t\t\t\t\t\t\t\t\t\t<\/a>\n\t\t\t\t\t\t\t\t\n\t\t\t\t<\/div>\t\n\t\t\t\t\t\t\t\t<div class=\"clients-logo\">\n\t\t\t\t    \t\t\t\t\t<a href=\"https:\/\/ergungroup.com.tr\/en\/projects\/\" target=\"_self\" rel=\"noopener noreferrer\">\n\t\t\t\t\t\t\t\t\t\t\t\n\t\t\t\t\t<img decoding=\"async\" src=\"https:\/\/ergungroup.com.tr\/en\/wp-content\/uploads\/2022\/11\/iston-footer-logo.png\" alt=\"iston\">\t\t\t\t\n\t\t\t\t\t\t\t\t\t\t<\/a>\n\t\t\t\t\t\t\t\t\n\t\t\t\t<\/div>\t\n\t\t\t\t\t\t\t<\/div>\t\t\n\t\t<\/div>\t\t\n\n        \t\t<\/div>\n\t\t\t\t<\/div>\n\t\t\t\t\t<\/div>\n\t\t<\/div>\n\t\t\t\t<div class=\"elementor-column elementor-col-50 elementor-inner-column elementor-element elementor-element-5165c939\" data-id=\"5165c939\" data-element_type=\"column\">\n\t\t\t<div class=\"elementor-widget-wrap\">\n\t\t\t\t\t\t\t\t\t<\/div>\n\t\t<\/div>\n\t\t\t\t\t\t\t<\/div>\n\t\t<\/div>\n\t\t\t\t\t<\/div>\n\t\t<\/div>\n\t\t\t\t\t\t\t<\/div>\n\t\t<\/section>\n\t\t\t\t\t\t\t<\/div>\n\t\t","protected":false},"excerpt":{"rendered":"<p>Our Projects Construction &amp; Contracting Semt Bah\u00e7ekent Mechanical Contracting Dar\u00fclaceze Social Service City Construction &amp; Contracting \u0130stanbul Airport Construction &amp; Contracting \u0130stanbul Finance Center Construction &amp; Contracting \u00d6mer Halisdemir Stadium Construction &amp; Contracting Dar\u00fclaceze Cultural and Social Facility Construction &amp; Contracting Bili\u015fim Valley Construction &amp; Contracting Milli \u0130rade Park Erg\u00fcn Group Construction &#038; Contracting As Erg\u00fcn Group, with our professional&#8230;<\/p>\n","protected":false},"author":1,"featured_media":2024,"parent":0,"menu_order":0,"comment_status":"closed","ping_status":"closed","template":"","meta":{"_mi_skip_tracking":false,"_monsterinsights_sitenote_active":false,"_monsterinsights_sitenote_note":"","_monsterinsights_sitenote_category":0,"footnotes":"","_links_to":"","_links_to_target":""},"class_list":["post-69","page","type-page","status-publish","has-post-thumbnail","hentry"],"aioseo_notices":[],"_links":{"self":[{"href":"https:\/\/ergungroup.com.tr\/en\/wp-json\/wp\/v2\/pages\/69","targetHints":{"allow":["GET"]}}],"collection":[{"href":"https:\/\/ergungroup.com.tr\/en\/wp-json\/wp\/v2\/pages"}],"about":[{"href":"https:\/\/ergungroup.com.tr\/en\/wp-json\/wp\/v2\/types\/page"}],"author":[{"embeddable":true,"href":"https:\/\/ergungroup.com.tr\/en\/wp-json\/wp\/v2\/users\/1"}],"replies":[{"embeddable":true,"href":"https:\/\/ergungroup.com.tr\/en\/wp-json\/wp\/v2\/comments?post=69"}],"version-history":[{"count":36,"href":"https:\/\/ergungroup.com.tr\/en\/wp-json\/wp\/v2\/pages\/69\/revisions"}],"predecessor-version":[{"id":2846,"href":"https:\/\/ergungroup.com.tr\/en\/wp-json\/wp\/v2\/pages\/69\/revisions\/2846"}],"wp:featuredmedia":[{"embeddable":true,"href":"https:\/\/ergungroup.com.tr\/en\/wp-json\/wp\/v2\/media\/2024"}],"wp:attachment":[{"href":"https:\/\/ergungroup.com.tr\/en\/wp-json\/wp\/v2\/media?parent=69"}],"curies":[{"name":"wp","href":"https:\/\/api.w.org\/{rel}","templated":true}]}}